{"id":78,"date":"2021-03-24T12:09:29","date_gmt":"2021-03-24T11:09:29","guid":{"rendered":"https:\/\/www.ultramins.com\/?page_id=78"},"modified":"2024-05-01T15:22:28","modified_gmt":"2024-05-01T13:22:28","slug":"come-lavorare","status":"publish","type":"page","link":"https:\/\/www.ultramins.com\/it\/come-lavorare\/","title":{"rendered":"Operazione USAF"},"content":{"rendered":"<h2>Come funzionano i trasmettitori a ultrasuoni cavitanti USAF\u2122?<\/h2>\n<p>Gli emettitori di ultrasuoni cavitanti inviano continuamente un suono ad altissima frequenza nell'acqua, creando la cavitazione. La cavitazione \u00e8 un processo fisico in cui si formano bolle di gas tra le molecole d'acqua. Queste bolle di gas diventano sempre pi\u00f9 grandi a causa del suono persistente, diventando instabili e implodendo. L'implosione delle bolle di gas crea onde di pressione molto potenti che rompono le membrane dei microrganismi. Questo significa la fine dei microrganismi in questione. <img loading=\"lazy\" decoding=\"async\" class=\"wp-image-215 size-large alignnone\" src=\"https:\/\/www.ultramins.com\/wp-content\/uploads\/sites\/522\/2021\/04\/Akoestische_cavitatie-02-800x394.png\" alt=\"\" width=\"800\" height=\"394\" \/><\/p>\n<p>Come mostrato nella figura in alto, l'implosione provoca un'onda di pressione di 2.000 bar. L'onda di pressione si muove nell'acqua a 1.250 m\/s, distruggendo i microrganismi presenti. Le alghe, ad esempio, muoiono, affondano sul fondo e perdono il loro colore verde nel tempo. Ma anche altri agenti patogeni, come funghi, batteri e virus, non sfuggono all'impatto della forza di cavitazione e vengono uccisi.<\/p>\n<p>\u00c8 difficile da vedere con l'occhio umano, per questo abbiamo realizzato il video qui sotto, che mostra chiaramente l'impatto delle onde di pressione. Le onde di pressione colpiscono solo i microrganismi... e il foglio di alluminio perch\u00e9 \u00e8 molto sottile ;-). Le onde di pressione non hanno alcun impatto su vele, pareti, pesci e mammiferi. Nel breve video qui sotto, si pu\u00f2 vedere l'impatto dopo un tempo molto breve, ma i nostri trasmettitori sono di solito accesi 24 ore su 24, 7 giorni su 7 e 365 giorni all'anno, immaginate il risultato!<\/p>\n<div class=\"video-container\"><iframe loading=\"lazy\" title=\"Ultramins USAF\u2122 trasmettitore a ultrasuoni cavitanti\" width=\"500\" height=\"281\" src=\"https:\/\/www.youtube.com\/embed\/t6dGmrtIYjM?feature=oembed&#038;\" frameborder=\"0\" allow=\"accelerometer; autoplay; clipboard-write; encrypted-media; gyroscope; picture-in-picture; web-share\" referrerpolicy=\"strict-origin-when-cross-origin\" allowfullscreen><\/iframe><\/div>\n<p>&nbsp;<\/p>\n<p>I vantaggi dell'uso dei trasmettitori a ultrasuoni a cavitazione in sintesi:<\/p>\n<ul>\n<li>L'acqua del bacino rimane priva di alghe, i filtri devono essere puliti meno spesso e si riducono di molto le ostruzioni di tubi e gocciolatori.<\/li>\n<li>Utilizzando i trasmettitori a ultrasuoni, si contrasta la formazione di biofilm; il biofilm preesistente viene abbattuto dopo l'installazione delle nostre apparecchiature.<\/li>\n<li>Pi\u00f9 resa e meno sprechi, perch\u00e9 le piante devono spendere meno energia per difendersi da batteri, funghi e virus presenti nell'acqua.<\/li>\n<li>I trasmettitori USAF\u2122 combinati con il perossido di idrogeno daranno risultati molto migliori nella lotta contro agenti patogeni e virus. Poich\u00e9 le membrane sono gi\u00e0 rotte, l'operazione \u00e8 molto pi\u00f9 efficiente.<\/li>\n<li>Sono necessari molti meno pesticidi e la qualit\u00e0 dell'acqua \u00e8 notevolmente migliorata. Spesso \u00e8 sufficiente anche un pesticida pi\u00f9 economico ed ecologico.<\/li>\n<li>I fertilizzanti presenti nell'acqua di scarico possono essere riutilizzati.<\/li>\n<li>L'acqua \u00e8 uno dei principali disperdenti, ma l'utilizzo del nostro igienizzatore a ultrasuoni cavitante rende questo problema un ricordo del passato.<\/li>\n<li>Breve periodo di ammortamento, perch\u00e9 le piante rendono di pi\u00f9, hanno meno guasti, i fertilizzanti possono essere riutilizzati e si devono usare (molto) meno pesticidi.<\/li>\n<li>Ma soprattutto, i trasmettitori sollevano voi e il vostro personale mettendo l'acqua in \"buone mani\".<\/li>\n<\/ul>\n<p>&nbsp;<\/p>","protected":false},"excerpt":{"rendered":"<p>Come funzionano i trasmettitori a ultrasuoni cavitanti USAF\u2122? I trasmettitori a ultrasuoni cavitanti inviano continuamente un suono ad altissima frequenza nell'acqua, creando cavitazione. La cavitazione \u00e8 un processo fisico in cui si creano bolle di gas tra le molecole d'acqua. Queste bolle di gas diventano sempre pi\u00f9 grandi a causa del suono persistente, diventando instabili e implodendo. L'implosione di... <a class=\"read-more\" href=\"https:\/\/www.ultramins.com\/it\/come-lavorare\/\"><\/a><\/p>","protected":false},"author":1,"featured_media":0,"parent":0,"menu_order":15,"comment_status":"closed","ping_status":"closed","template":"","meta":{"_acf_changed":false,"content-type":"","footnotes":""},"class_list":["post-78","page","type-page","status-publish","hentry"],"acf":[],"yoast_head":"<!-- This site is optimized with the Yoast SEO plugin v27.2 - https:\/\/yoast.com\/product\/yoast-seo-wordpress\/ -->\n<title>Werking USAF\u2122 - Ultramins<\/title>\n<meta name=\"robots\" content=\"index, follow, max-snippet:-1, max-image-preview:large, max-video-preview:-1\" \/>\n<link rel=\"canonical\" href=\"https:\/\/www.ultramins.com\/it\/come-lavorare\/\" \/>\n<meta property=\"og:locale\" content=\"it_IT\" \/>\n<meta property=\"og:type\" content=\"article\" \/>\n<meta property=\"og:title\" content=\"Werking USAF\u2122 - Ultramins\" \/>\n<meta property=\"og:description\" content=\"Hoe werken de USAF\u2122 caviterende ultrasone zenders? De caviterende ultrasone zenders sturen continue een hele hoge frequentie geluid het water in, hierdoor ontstaat cavitatie. Cavitatie is een natuurkundig proces waarbij gasbelletjes tussen de watermoleculen ontstaan. Deze gasbelletjes worden door het aanhoudende geluid groter en groter, waardoor ze instabiel worden en imploderen. Door het imploderen van...\" \/>\n<meta property=\"og:url\" content=\"https:\/\/www.ultramins.com\/it\/come-lavorare\/\" \/>\n<meta property=\"og:site_name\" content=\"Ultramins\" \/>\n<meta property=\"article:modified_time\" content=\"2024-05-01T13:22:28+00:00\" \/>\n<meta property=\"og:image\" content=\"https:\/\/www.ultramins.com\/wp-content\/uploads\/sites\/522\/2021\/04\/Akoestische_cavitatie-02-800x394.png\" \/>\n<meta name=\"twitter:card\" content=\"summary_large_image\" \/>\n<meta name=\"twitter:label1\" content=\"Tempo di lettura stimato\" \/>\n\t<meta name=\"twitter:data1\" content=\"3 minuti\" \/>\n<script type=\"application\/ld+json\" class=\"yoast-schema-graph\">{\"@context\":\"https:\/\/schema.org\",\"@graph\":[{\"@type\":\"WebPage\",\"@id\":\"https:\/\/www.ultramins.com\/hoe-werkt-het\/\",\"url\":\"https:\/\/www.ultramins.com\/hoe-werkt-het\/\",\"name\":\"Werking USAF\u2122 - Ultramins\",\"isPartOf\":{\"@id\":\"https:\/\/www.ultramins.com\/en\/#website\"},\"primaryImageOfPage\":{\"@id\":\"https:\/\/www.ultramins.com\/hoe-werkt-het\/#primaryimage\"},\"image\":{\"@id\":\"https:\/\/www.ultramins.com\/hoe-werkt-het\/#primaryimage\"},\"thumbnailUrl\":\"https:\/\/www.ultramins.com\/wp-content\/uploads\/sites\/522\/2021\/04\/Akoestische_cavitatie-02-800x394.png\",\"datePublished\":\"2021-03-24T11:09:29+00:00\",\"dateModified\":\"2024-05-01T13:22:28+00:00\",\"breadcrumb\":{\"@id\":\"https:\/\/www.ultramins.com\/hoe-werkt-het\/#breadcrumb\"},\"inLanguage\":\"it-IT\",\"potentialAction\":[{\"@type\":\"ReadAction\",\"target\":[\"https:\/\/www.ultramins.com\/hoe-werkt-het\/\"]}]},{\"@type\":\"ImageObject\",\"inLanguage\":\"it-IT\",\"@id\":\"https:\/\/www.ultramins.com\/hoe-werkt-het\/#primaryimage\",\"url\":\"https:\/\/www.ultramins.com\/wp-content\/uploads\/sites\/522\/2021\/04\/Akoestische_cavitatie-02-800x394.png\",\"contentUrl\":\"https:\/\/www.ultramins.com\/wp-content\/uploads\/sites\/522\/2021\/04\/Akoestische_cavitatie-02-800x394.png\"},{\"@type\":\"BreadcrumbList\",\"@id\":\"https:\/\/www.ultramins.com\/hoe-werkt-het\/#breadcrumb\",\"itemListElement\":[{\"@type\":\"ListItem\",\"position\":1,\"name\":\"Home\",\"item\":\"https:\/\/www.ultramins.com\/\"},{\"@type\":\"ListItem\",\"position\":2,\"name\":\"Werking USAF\u2122\"}]},{\"@type\":\"WebSite\",\"@id\":\"https:\/\/www.ultramins.com\/en\/#website\",\"url\":\"https:\/\/www.ultramins.com\/en\/\",\"name\":\"Ultramins\",\"description\":\"\",\"potentialAction\":[{\"@type\":\"SearchAction\",\"target\":{\"@type\":\"EntryPoint\",\"urlTemplate\":\"https:\/\/www.ultramins.com\/en\/?s={search_term_string}\"},\"query-input\":{\"@type\":\"PropertyValueSpecification\",\"valueRequired\":true,\"valueName\":\"search_term_string\"}}],\"inLanguage\":\"it-IT\"}]}<\/script>\n<!-- \/ Yoast SEO plugin. -->","yoast_head_json":{"title":"Operazione USAF\u2122 - Ultramins","robots":{"index":"index","follow":"follow","max-snippet":"max-snippet:-1","max-image-preview":"max-image-preview:large","max-video-preview":"max-video-preview:-1"},"canonical":"https:\/\/www.ultramins.com\/it\/come-lavorare\/","og_locale":"it_IT","og_type":"article","og_title":"Werking USAF\u2122 - Ultramins","og_description":"Hoe werken de USAF\u2122 caviterende ultrasone zenders? De caviterende ultrasone zenders sturen continue een hele hoge frequentie geluid het water in, hierdoor ontstaat cavitatie. Cavitatie is een natuurkundig proces waarbij gasbelletjes tussen de watermoleculen ontstaan. Deze gasbelletjes worden door het aanhoudende geluid groter en groter, waardoor ze instabiel worden en imploderen. Door het imploderen van...","og_url":"https:\/\/www.ultramins.com\/it\/come-lavorare\/","og_site_name":"Ultramins","article_modified_time":"2024-05-01T13:22:28+00:00","og_image":[{"url":"https:\/\/www.ultramins.com\/wp-content\/uploads\/sites\/522\/2021\/04\/Akoestische_cavitatie-02-800x394.png","type":"","width":"","height":""}],"twitter_card":"summary_large_image","twitter_misc":{"Tempo di lettura stimato":"3 minuti"},"schema":{"@context":"https:\/\/schema.org","@graph":[{"@type":"WebPage","@id":"https:\/\/www.ultramins.com\/hoe-werkt-het\/","url":"https:\/\/www.ultramins.com\/hoe-werkt-het\/","name":"Operazione USAF\u2122 - Ultramins","isPartOf":{"@id":"https:\/\/www.ultramins.com\/en\/#website"},"primaryImageOfPage":{"@id":"https:\/\/www.ultramins.com\/hoe-werkt-het\/#primaryimage"},"image":{"@id":"https:\/\/www.ultramins.com\/hoe-werkt-het\/#primaryimage"},"thumbnailUrl":"https:\/\/www.ultramins.com\/wp-content\/uploads\/sites\/522\/2021\/04\/Akoestische_cavitatie-02-800x394.png","datePublished":"2021-03-24T11:09:29+00:00","dateModified":"2024-05-01T13:22:28+00:00","breadcrumb":{"@id":"https:\/\/www.ultramins.com\/hoe-werkt-het\/#breadcrumb"},"inLanguage":"it-IT","potentialAction":[{"@type":"ReadAction","target":["https:\/\/www.ultramins.com\/hoe-werkt-het\/"]}]},{"@type":"ImageObject","inLanguage":"it-IT","@id":"https:\/\/www.ultramins.com\/hoe-werkt-het\/#primaryimage","url":"https:\/\/www.ultramins.com\/wp-content\/uploads\/sites\/522\/2021\/04\/Akoestische_cavitatie-02-800x394.png","contentUrl":"https:\/\/www.ultramins.com\/wp-content\/uploads\/sites\/522\/2021\/04\/Akoestische_cavitatie-02-800x394.png"},{"@type":"BreadcrumbList","@id":"https:\/\/www.ultramins.com\/hoe-werkt-het\/#breadcrumb","itemListElement":[{"@type":"ListItem","position":1,"name":"Home","item":"https:\/\/www.ultramins.com\/"},{"@type":"ListItem","position":2,"name":"Werking USAF\u2122"}]},{"@type":"WebSite","@id":"https:\/\/www.ultramins.com\/en\/#website","url":"https:\/\/www.ultramins.com\/en\/","name":"Ultramins","description":"","potentialAction":[{"@type":"SearchAction","target":{"@type":"EntryPoint","urlTemplate":"https:\/\/www.ultramins.com\/en\/?s={search_term_string}"},"query-input":{"@type":"PropertyValueSpecification","valueRequired":true,"valueName":"search_term_string"}}],"inLanguage":"it-IT"}]}},"_links":{"self":[{"href":"https:\/\/www.ultramins.com\/it\/wp-json\/wp\/v2\/pages\/78","targetHints":{"allow":["GET"]}}],"collection":[{"href":"https:\/\/www.ultramins.com\/it\/wp-json\/wp\/v2\/pages"}],"about":[{"href":"https:\/\/www.ultramins.com\/it\/wp-json\/wp\/v2\/types\/page"}],"author":[{"embeddable":true,"href":"https:\/\/www.ultramins.com\/it\/wp-json\/wp\/v2\/users\/1"}],"replies":[{"embeddable":true,"href":"https:\/\/www.ultramins.com\/it\/wp-json\/wp\/v2\/comments?post=78"}],"version-history":[{"count":6,"href":"https:\/\/www.ultramins.com\/it\/wp-json\/wp\/v2\/pages\/78\/revisions"}],"predecessor-version":[{"id":1061,"href":"https:\/\/www.ultramins.com\/it\/wp-json\/wp\/v2\/pages\/78\/revisions\/1061"}],"wp:attachment":[{"href":"https:\/\/www.ultramins.com\/it\/wp-json\/wp\/v2\/media?parent=78"}],"curies":[{"name":"wp","href":"https:\/\/api.w.org\/{rel}","templated":true}]}}