{"id":828,"date":"2023-03-16T14:27:16","date_gmt":"2023-03-16T13:27:16","guid":{"rendered":"https:\/\/www.ultramins.com\/?page_id=828"},"modified":"2023-03-17T20:29:12","modified_gmt":"2023-03-17T19:29:12","slug":"hd","status":"publish","type":"page","link":"https:\/\/www.ultramins.com\/hu\/hd\/","title":{"rendered":"Megszabadulni az alg\u00e1kt\u00f3l\ud83e\udda0, bakt\u00e9riumokt\u00f3l \u00e9s gomb\u00e1kt\u00f3l kevesebb mint 30 nap alatt - Ultramins"},"content":{"rendered":"<p>&nbsp;<\/p>\n<p>&nbsp;<\/p>\n<p>&nbsp;<\/p>","protected":false},"excerpt":{"rendered":"<p>&nbsp; &nbsp; &nbsp;<\/p>","protected":false},"author":891,"featured_media":0,"parent":0,"menu_order":6,"comment_status":"closed","ping_status":"closed","template":"page-templates\/template-home-prefab.php","meta":{"_acf_changed":false,"content-type":"","footnotes":""},"class_list":["post-828","page","type-page","status-publish","hentry"],"acf":[],"yoast_head":"<!-- This site is optimized with the Yoast SEO plugin v27.2 - https:\/\/yoast.com\/product\/yoast-seo-wordpress\/ -->\n<title>Getting rid of algae\ud83e\udda0, bacteria and fungus in less than 30 days - Ultramins - Ultramins<\/title>\n<meta name=\"robots\" content=\"index, follow, max-snippet:-1, max-image-preview:large, max-video-preview:-1\" \/>\n<link rel=\"canonical\" href=\"https:\/\/www.ultramins.com\/hu\/hd\/\" \/>\n<meta property=\"og:locale\" content=\"hu_HU\" \/>\n<meta property=\"og:type\" content=\"article\" \/>\n<meta property=\"og:title\" content=\"Getting rid of algae\ud83e\udda0, bacteria and fungus in less than 30 days - Ultramins - Ultramins\" \/>\n<meta property=\"og:description\" content=\"&nbsp; &nbsp; &nbsp;\" \/>\n<meta property=\"og:url\" content=\"https:\/\/www.ultramins.com\/hu\/hd\/\" \/>\n<meta property=\"og:site_name\" content=\"Ultramins\" \/>\n<meta property=\"article:modified_time\" content=\"2023-03-17T19:29:12+00:00\" \/>\n<meta name=\"twitter:card\" content=\"summary_large_image\" \/>\n<meta name=\"twitter:label1\" content=\"Becs\u00fclt olvas\u00e1si id\u0151\" \/>\n\t<meta name=\"twitter:data1\" content=\"2 perc\" \/>\n<script type=\"application\/ld+json\" class=\"yoast-schema-graph\">{\"@context\":\"https:\/\/schema.org\",\"@graph\":[{\"@type\":\"WebPage\",\"@id\":\"https:\/\/www.ultramins.com\/hd\/\",\"url\":\"https:\/\/www.ultramins.com\/hd\/\",\"name\":\"Getting rid of algae\ud83e\udda0, bacteria and fungus in less than 30 days - Ultramins - Ultramins\",\"isPartOf\":{\"@id\":\"https:\/\/www.ultramins.com\/en\/#website\"},\"datePublished\":\"2023-03-16T13:27:16+00:00\",\"dateModified\":\"2023-03-17T19:29:12+00:00\",\"breadcrumb\":{\"@id\":\"https:\/\/www.ultramins.com\/hd\/#breadcrumb\"},\"inLanguage\":\"hu\",\"potentialAction\":[{\"@type\":\"ReadAction\",\"target\":[\"https:\/\/www.ultramins.com\/hd\/\"]}]},{\"@type\":\"BreadcrumbList\",\"@id\":\"https:\/\/www.ultramins.com\/hd\/#breadcrumb\",\"itemListElement\":[{\"@type\":\"ListItem\",\"position\":1,\"name\":\"Home\",\"item\":\"https:\/\/www.ultramins.com\/\"},{\"@type\":\"ListItem\",\"position\":2,\"name\":\"Getting rid of algae\ud83e\udda0, bacteria and fungus in less than 30 days &#8211; Ultramins\"}]},{\"@type\":\"WebSite\",\"@id\":\"https:\/\/www.ultramins.com\/en\/#website\",\"url\":\"https:\/\/www.ultramins.com\/en\/\",\"name\":\"Ultramins\",\"description\":\"\",\"potentialAction\":[{\"@type\":\"SearchAction\",\"target\":{\"@type\":\"EntryPoint\",\"urlTemplate\":\"https:\/\/www.ultramins.com\/en\/?s={search_term_string}\"},\"query-input\":{\"@type\":\"PropertyValueSpecification\",\"valueRequired\":true,\"valueName\":\"search_term_string\"}}],\"inLanguage\":\"hu\"}]}<\/script>\n<!-- \/ Yoast SEO plugin. -->","yoast_head_json":{"title":"Megszabadulni az alg\u00e1kt\u00f3l\ud83e\udda0, bakt\u00e9riumokt\u00f3l \u00e9s gomb\u00e1kt\u00f3l kevesebb mint 30 nap alatt - Ultramins - Ultramins","robots":{"index":"index","follow":"follow","max-snippet":"max-snippet:-1","max-image-preview":"max-image-preview:large","max-video-preview":"max-video-preview:-1"},"canonical":"https:\/\/www.ultramins.com\/hu\/hd\/","og_locale":"hu_HU","og_type":"article","og_title":"Getting rid of algae\ud83e\udda0, bacteria and fungus in less than 30 days - Ultramins - Ultramins","og_description":"&nbsp; &nbsp; &nbsp;","og_url":"https:\/\/www.ultramins.com\/hu\/hd\/","og_site_name":"Ultramins","article_modified_time":"2023-03-17T19:29:12+00:00","twitter_card":"summary_large_image","twitter_misc":{"Becs\u00fclt olvas\u00e1si id\u0151":"2 perc"},"schema":{"@context":"https:\/\/schema.org","@graph":[{"@type":"WebPage","@id":"https:\/\/www.ultramins.com\/hd\/","url":"https:\/\/www.ultramins.com\/hd\/","name":"Megszabadulni az alg\u00e1kt\u00f3l\ud83e\udda0, bakt\u00e9riumokt\u00f3l \u00e9s gomb\u00e1kt\u00f3l kevesebb mint 30 nap alatt - Ultramins - Ultramins","isPartOf":{"@id":"https:\/\/www.ultramins.com\/en\/#website"},"datePublished":"2023-03-16T13:27:16+00:00","dateModified":"2023-03-17T19:29:12+00:00","breadcrumb":{"@id":"https:\/\/www.ultramins.com\/hd\/#breadcrumb"},"inLanguage":"hu","potentialAction":[{"@type":"ReadAction","target":["https:\/\/www.ultramins.com\/hd\/"]}]},{"@type":"BreadcrumbList","@id":"https:\/\/www.ultramins.com\/hd\/#breadcrumb","itemListElement":[{"@type":"ListItem","position":1,"name":"Home","item":"https:\/\/www.ultramins.com\/"},{"@type":"ListItem","position":2,"name":"Getting rid of algae\ud83e\udda0, bacteria and fungus in less than 30 days &#8211; Ultramins"}]},{"@type":"WebSite","@id":"https:\/\/www.ultramins.com\/en\/#website","url":"https:\/\/www.ultramins.com\/en\/","name":"Ultramins","description":"","potentialAction":[{"@type":"SearchAction","target":{"@type":"EntryPoint","urlTemplate":"https:\/\/www.ultramins.com\/en\/?s={search_term_string}"},"query-input":{"@type":"PropertyValueSpecification","valueRequired":true,"valueName":"search_term_string"}}],"inLanguage":"hu"}]}},"_links":{"self":[{"href":"https:\/\/www.ultramins.com\/hu\/wp-json\/wp\/v2\/pages\/828","targetHints":{"allow":["GET"]}}],"collection":[{"href":"https:\/\/www.ultramins.com\/hu\/wp-json\/wp\/v2\/pages"}],"about":[{"href":"https:\/\/www.ultramins.com\/hu\/wp-json\/wp\/v2\/types\/page"}],"author":[{"embeddable":true,"href":"https:\/\/www.ultramins.com\/hu\/wp-json\/wp\/v2\/users\/891"}],"replies":[{"embeddable":true,"href":"https:\/\/www.ultramins.com\/hu\/wp-json\/wp\/v2\/comments?post=828"}],"version-history":[{"count":3,"href":"https:\/\/www.ultramins.com\/hu\/wp-json\/wp\/v2\/pages\/828\/revisions"}],"predecessor-version":[{"id":863,"href":"https:\/\/www.ultramins.com\/hu\/wp-json\/wp\/v2\/pages\/828\/revisions\/863"}],"wp:attachment":[{"href":"https:\/\/www.ultramins.com\/hu\/wp-json\/wp\/v2\/media?parent=828"}],"curies":[{"name":"wp","href":"https:\/\/api.w.org\/{rel}","templated":true}]}}