{"id":4,"date":"2021-02-19T10:09:45","date_gmt":"2021-02-19T10:09:45","guid":{"rendered":"https:\/\/www.ultramins.com\/home\/"},"modified":"2026-03-12T18:02:53","modified_gmt":"2026-03-12T17:02:53","slug":"home","status":"publish","type":"page","link":"https:\/\/www.ultramins.com\/hu\/","title":{"rendered":"Home"},"content":{"rendered":"","protected":false},"excerpt":{"rendered":"","protected":false},"author":3,"featured_media":0,"parent":0,"menu_order":7,"comment_status":"closed","ping_status":"closed","template":"template_p7zz7y","meta":{"_acf_changed":false,"content-type":"","footnotes":""},"class_list":["post-4","page","type-page","status-publish","hentry"],"acf":[],"yoast_head":"<!-- This site is optimized with the Yoast SEO plugin v27.2 - https:\/\/yoast.com\/product\/yoast-seo-wordpress\/ -->\n<title>Home - Ultramins - caviterende ultrasone zenders die water optimaliseren<\/title>\n<meta name=\"description\" content=\"Wij leveren caviterende ultrasone zenders die water optimaliseren. Onze zenders ontsmetten, voorkomen aangroei en bestrijden micro-organismen.\" \/>\n<meta name=\"robots\" content=\"index, follow, max-snippet:-1, max-image-preview:large, max-video-preview:-1\" \/>\n<link rel=\"canonical\" href=\"https:\/\/www.ultramins.com\/hu\/\" \/>\n<meta property=\"og:locale\" content=\"hu_HU\" \/>\n<meta property=\"og:type\" content=\"article\" \/>\n<meta property=\"og:title\" content=\"Home - Ultramins - caviterende ultrasone zenders die water optimaliseren\" \/>\n<meta property=\"og:description\" content=\"Wij leveren caviterende ultrasone zenders die water optimaliseren. Onze zenders ontsmetten, voorkomen aangroei en bestrijden micro-organismen.\" \/>\n<meta property=\"og:url\" content=\"https:\/\/www.ultramins.com\/hu\/\" \/>\n<meta property=\"og:site_name\" content=\"Ultramins\" \/>\n<meta property=\"article:modified_time\" content=\"2026-03-12T17:02:53+00:00\" \/>\n<meta name=\"twitter:card\" content=\"summary_large_image\" \/>\n<meta name=\"twitter:label1\" content=\"Becs\u00fclt olvas\u00e1si id\u0151\" \/>\n\t<meta name=\"twitter:data1\" content=\"7 perc\" \/>\n<script type=\"application\/ld+json\" class=\"yoast-schema-graph\">{\"@context\":\"https:\/\/schema.org\",\"@graph\":[{\"@type\":\"WebPage\",\"@id\":\"https:\/\/www.ultramins.com\/\",\"url\":\"https:\/\/www.ultramins.com\/\",\"name\":\"Home - Ultramins - caviterende ultrasone zenders die water optimaliseren\",\"isPartOf\":{\"@id\":\"https:\/\/www.ultramins.com\/en\/#website\"},\"datePublished\":\"2021-02-19T10:09:45+00:00\",\"dateModified\":\"2026-03-12T17:02:53+00:00\",\"description\":\"Wij leveren caviterende ultrasone zenders die water optimaliseren. Onze zenders ontsmetten, voorkomen aangroei en bestrijden micro-organismen.\",\"breadcrumb\":{\"@id\":\"https:\/\/www.ultramins.com\/#breadcrumb\"},\"inLanguage\":\"hu\",\"potentialAction\":[{\"@type\":\"ReadAction\",\"target\":[\"https:\/\/www.ultramins.com\/\"]}]},{\"@type\":\"BreadcrumbList\",\"@id\":\"https:\/\/www.ultramins.com\/#breadcrumb\",\"itemListElement\":[{\"@type\":\"ListItem\",\"position\":1,\"name\":\"Home\",\"item\":\"https:\/\/www.ultramins.com\/\"},{\"@type\":\"ListItem\",\"position\":2,\"name\":\"Home\"}]},{\"@type\":\"WebSite\",\"@id\":\"https:\/\/www.ultramins.com\/en\/#website\",\"url\":\"https:\/\/www.ultramins.com\/en\/\",\"name\":\"Ultramins\",\"description\":\"\",\"potentialAction\":[{\"@type\":\"SearchAction\",\"target\":{\"@type\":\"EntryPoint\",\"urlTemplate\":\"https:\/\/www.ultramins.com\/en\/?s={search_term_string}\"},\"query-input\":{\"@type\":\"PropertyValueSpecification\",\"valueRequired\":true,\"valueName\":\"search_term_string\"}}],\"inLanguage\":\"hu\"}]}<\/script>\n<!-- \/ Yoast SEO plugin. -->","yoast_head_json":{"title":"F\u0151oldal - Ultramins - kavit\u00e1ci\u00f3s ultrahangos jelad\u00f3k, amelyek optimaliz\u00e1lj\u00e1k a vizet","description":"Olyan kavit\u00e1ci\u00f3s ultrahangos sug\u00e1rz\u00f3kat sz\u00e1ll\u00edtunk, amelyek optimaliz\u00e1lj\u00e1k a vizet. Sug\u00e1rz\u00f3ink fert\u0151tlen\u00edtenek, megakad\u00e1lyozz\u00e1k a szennyez\u0151d\u00e9seket \u00e9s ellen\u0151rzik a mikroorganizmusokat.","robots":{"index":"index","follow":"follow","max-snippet":"max-snippet:-1","max-image-preview":"max-image-preview:large","max-video-preview":"max-video-preview:-1"},"canonical":"https:\/\/www.ultramins.com\/hu\/","og_locale":"hu_HU","og_type":"article","og_title":"Home - Ultramins - caviterende ultrasone zenders die water optimaliseren","og_description":"Wij leveren caviterende ultrasone zenders die water optimaliseren. Onze zenders ontsmetten, voorkomen aangroei en bestrijden micro-organismen.","og_url":"https:\/\/www.ultramins.com\/hu\/","og_site_name":"Ultramins","article_modified_time":"2026-03-12T17:02:53+00:00","twitter_card":"summary_large_image","twitter_misc":{"Becs\u00fclt olvas\u00e1si id\u0151":"7 perc"},"schema":{"@context":"https:\/\/schema.org","@graph":[{"@type":"WebPage","@id":"https:\/\/www.ultramins.com\/","url":"https:\/\/www.ultramins.com\/","name":"F\u0151oldal - Ultramins - kavit\u00e1ci\u00f3s ultrahangos jelad\u00f3k, amelyek optimaliz\u00e1lj\u00e1k a vizet","isPartOf":{"@id":"https:\/\/www.ultramins.com\/en\/#website"},"datePublished":"2021-02-19T10:09:45+00:00","dateModified":"2026-03-12T17:02:53+00:00","description":"Olyan kavit\u00e1ci\u00f3s ultrahangos sug\u00e1rz\u00f3kat sz\u00e1ll\u00edtunk, amelyek optimaliz\u00e1lj\u00e1k a vizet. Sug\u00e1rz\u00f3ink fert\u0151tlen\u00edtenek, megakad\u00e1lyozz\u00e1k a szennyez\u0151d\u00e9seket \u00e9s ellen\u0151rzik a mikroorganizmusokat.","breadcrumb":{"@id":"https:\/\/www.ultramins.com\/#breadcrumb"},"inLanguage":"hu","potentialAction":[{"@type":"ReadAction","target":["https:\/\/www.ultramins.com\/"]}]},{"@type":"BreadcrumbList","@id":"https:\/\/www.ultramins.com\/#breadcrumb","itemListElement":[{"@type":"ListItem","position":1,"name":"Home","item":"https:\/\/www.ultramins.com\/"},{"@type":"ListItem","position":2,"name":"Home"}]},{"@type":"WebSite","@id":"https:\/\/www.ultramins.com\/en\/#website","url":"https:\/\/www.ultramins.com\/en\/","name":"Ultramins","description":"","potentialAction":[{"@type":"SearchAction","target":{"@type":"EntryPoint","urlTemplate":"https:\/\/www.ultramins.com\/en\/?s={search_term_string}"},"query-input":{"@type":"PropertyValueSpecification","valueRequired":true,"valueName":"search_term_string"}}],"inLanguage":"hu"}]}},"_links":{"self":[{"href":"https:\/\/www.ultramins.com\/hu\/wp-json\/wp\/v2\/pages\/4","targetHints":{"allow":["GET"]}}],"collection":[{"href":"https:\/\/www.ultramins.com\/hu\/wp-json\/wp\/v2\/pages"}],"about":[{"href":"https:\/\/www.ultramins.com\/hu\/wp-json\/wp\/v2\/types\/page"}],"author":[{"embeddable":true,"href":"https:\/\/www.ultramins.com\/hu\/wp-json\/wp\/v2\/users\/3"}],"replies":[{"embeddable":true,"href":"https:\/\/www.ultramins.com\/hu\/wp-json\/wp\/v2\/comments?post=4"}],"version-history":[{"count":5,"href":"https:\/\/www.ultramins.com\/hu\/wp-json\/wp\/v2\/pages\/4\/revisions"}],"predecessor-version":[{"id":1736,"href":"https:\/\/www.ultramins.com\/hu\/wp-json\/wp\/v2\/pages\/4\/revisions\/1736"}],"wp:attachment":[{"href":"https:\/\/www.ultramins.com\/hu\/wp-json\/wp\/v2\/media?parent=4"}],"curies":[{"name":"wp","href":"https:\/\/api.w.org\/{rel}","templated":true}]}}