{"id":28,"date":"2021-02-19T11:14:23","date_gmt":"2021-02-19T10:14:23","guid":{"rendered":"https:\/\/www.ultramins.com\/over-ons\/"},"modified":"2025-10-15T10:42:43","modified_gmt":"2025-10-15T08:42:43","slug":"a-propos-de-nous","status":"publish","type":"page","link":"https:\/\/www.ultramins.com\/fr\/a-propos-de-nous\/","title":{"rendered":"A propos de nous"},"content":{"rendered":"<h2>Notre entreprise<\/h2>\n<p style=\"text-align: left\" data-start=\"287\" data-end=\"588\">Bas\u00e9s \u00e0 Zwaag, nous fournissons des transmetteurs ultrasoniques cavitants qui optimisent l'eau. Nos transmetteurs d\u00e9sinfectent l'eau, emp\u00eachent l'encrassement et contr\u00f4lent les micro-organismes.<br data-start=\"454\" data-end=\"457\" \/>L'utilisation de notre technologie d'ultrasons cavitants est respectueuse de l'environnement, facile \u00e0 installer et ne n\u00e9cessite aucune maintenance.<\/p>\n<p style=\"text-align: left\" data-start=\"590\" data-end=\"949\">Comme chaque entreprise est unique, nous examinons toujours la situation sp\u00e9cifique avec le client. Sur cette base, nous formulons une recommandation appropri\u00e9e. Si n\u00e9cessaire, nous nous rendons sur place pour d\u00e9terminer la meilleure solution. En effet, nous voulons nous assurer que les r\u00e9sultats souhait\u00e9s sont atteints dans la lutte contre les micro-organismes nuisibles, ce qui permet d'am\u00e9liorer les rendements.<\/p>\n<p style=\"text-align: left\" data-start=\"951\" data-end=\"1170\">Un autre avantage est que l'utilisation d'ultrasons cavitants permet de r\u00e9duire consid\u00e9rablement la consommation de pesticides et de d\u00e9sinfectants co\u00fbteux, ainsi que la consommation d'\u00e9nergie d'autres syst\u00e8mes (tels que les UV).<\/p>\n<p><img loading=\"lazy\" decoding=\"async\" class=\"wp-image-271 aligncenter\" src=\"https:\/\/www.ultramins.com\/wp-content\/uploads\/sites\/522\/2021\/04\/Screenshot-2021-04-07-at-14.51.53-400x180.png\" width=\"464\" height=\"209\" srcset=\"https:\/\/www.ultramins.com\/wp-content\/uploads\/sites\/522\/2021\/04\/Screenshot-2021-04-07-at-14.51.53-400x180.png 400w, https:\/\/www.ultramins.com\/wp-content\/uploads\/sites\/522\/2021\/04\/Screenshot-2021-04-07-at-14.51.53-800x361.png 800w, https:\/\/www.ultramins.com\/wp-content\/uploads\/sites\/522\/2021\/04\/Screenshot-2021-04-07-at-14.51.53-768x346.png 768w, https:\/\/www.ultramins.com\/wp-content\/uploads\/sites\/522\/2021\/04\/Screenshot-2021-04-07-at-14.51.53-1536x692.png 1536w, https:\/\/www.ultramins.com\/wp-content\/uploads\/sites\/522\/2021\/04\/Screenshot-2021-04-07-at-14.51.53.png 1600w\" sizes=\"auto, (max-width: 464px) 100vw, 464px\" \/><\/p>\n<h2><\/h2>\n<h2>L'\u00e9mergence<\/h2>\n<p data-start=\"290\" data-end=\"651\">Apr\u00e8s avoir acquis de nombreuses ann\u00e9es d'exp\u00e9rience dans divers secteurs - notamment la distribution, la fabrication, les ventes et le marketing - le propri\u00e9taire et PDG de Ultramins est arriv\u00e9. <strong data-start=\"426\" data-end=\"443\">Robert de Hoo<\/strong> en contact avec <strong data-start=\"459\" data-end=\"474\">Kees Luijkx<\/strong>. Kees est le propri\u00e9taire de <strong data-start=\"499\" data-end=\"525\">Luijkx Ultrasound B.V.<\/strong> et fabricant de <strong data-start=\"543\" data-end=\"584\">USAF\u2122 produits \u00e0 ultrasons cavitants<\/strong>avec plus de 25 ans d'exp\u00e9rience dans la technologie des ultrasons cavitants. L'ensemble du d\u00e9veloppement et de la production a lieu aux Pays-Bas. Cela garantit la qualit\u00e9 du produit et permet de porter fi\u00e8rement le label <strong>Fabriqu\u00e9 en Hollande<\/strong>qui est consid\u00e9r\u00e9 comme un label de qualit\u00e9 pour l'agriculture dans le monde entier.<\/p>\n<p data-start=\"653\" data-end=\"877\">Robert a \u00e9t\u00e9 particuli\u00e8rement enthousiasm\u00e9 par les nombreux r\u00e9cits, rapports et \u00e9tudes de Kees sur l'utilisation des ultrasons cavitants.<br data-start=\"776\" data-end=\"779\" \/>Les exigences environnementales de plus en plus strictes contribuent \u00e9galement \u00e0 la croissance de cette technologie innovante, la (r\u00e9)utilisation durable devenant de plus en plus importante en raison du changement climatique mondial.<\/p>\n<p data-start=\"879\" data-end=\"1196\">Robert a vu des opportunit\u00e9s commerciales \u00e9videntes et Kees a cherch\u00e9 un partenaire pour poursuivre et d\u00e9velopper les ventes, et une nouvelle soci\u00e9t\u00e9 a \u00e9t\u00e9 cr\u00e9\u00e9e : <strong data-start=\"1057\" data-end=\"1070\">Ultramins<\/strong>.<br data-start=\"1071\" data-end=\"1074\" \/>Depuis lors, l'\u00e9quipe s'est consid\u00e9rablement d\u00e9velopp\u00e9e et fournit <strong data-start=\"1127\" data-end=\"1140\">Ultramins<\/strong> ses produits dans plus de 50 pays \u00e0 travers le monde.<\/p>\n<p data-start=\"879\" data-end=\"1196\">\n<h2><img loading=\"lazy\" decoding=\"async\" width=\"400\" height=\"300\" class=\"size-medium wp-image-1485 aligncenter\" src=\"https:\/\/www.ultramins.com\/wp-content\/uploads\/sites\/522\/2025\/10\/IMG_2464-400x300.jpg\" srcset=\"https:\/\/www.ultramins.com\/wp-content\/uploads\/sites\/522\/2025\/10\/IMG_2464-400x300.jpg 400w, https:\/\/www.ultramins.com\/wp-content\/uploads\/sites\/522\/2025\/10\/IMG_2464-800x600.jpg 800w, https:\/\/www.ultramins.com\/wp-content\/uploads\/sites\/522\/2025\/10\/IMG_2464-768x576.jpg 768w, https:\/\/www.ultramins.com\/wp-content\/uploads\/sites\/522\/2025\/10\/IMG_2464-1536x1152.jpg 1536w, https:\/\/www.ultramins.com\/wp-content\/uploads\/sites\/522\/2025\/10\/IMG_2464-16x12.jpg 16w, https:\/\/www.ultramins.com\/wp-content\/uploads\/sites\/522\/2025\/10\/IMG_2464-600x450.jpg 600w, https:\/\/www.ultramins.com\/wp-content\/uploads\/sites\/522\/2025\/10\/IMG_2464.jpg 1600w\" sizes=\"auto, (max-width: 400px) 100vw, 400px\" \/><\/h2>\n<h2><\/h2>\n<h2><\/h2>\n<h2>Le nom Ultramins<\/h2>\n<p>Son nom unique est compos\u00e9 de deux mots : \"ultrasons\" et \"vitamines\". Les ultrasons parlent bien s\u00fbr d'eux-m\u00eames, la technologie sur laquelle tout est bas\u00e9. Vitamines\" parce que nous traitons de l'eau qui devient \"meilleure\" apr\u00e8s un traitement par ultrasons cavitants, de sorte que vous pouvez consid\u00e9rer les ultrasons comme des vitamines.<\/p>\n<h2>Notre logo<\/h2>\n<p>Le logo implique ce qui suit ;<\/p>\n<p>Orange : eau inadapt\u00e9e \u00e0 l'usage respectif<\/p>\n<p>Vert : ondes ultrasonores cavitantes respectueuses de l'environnement concentr\u00e9es sur la partie rouge du nom dans le logo<\/p>\n<p>Bleu : le r\u00e9sultat final ; l'eau rendue apte \u00e0 \u00eatre (r\u00e9)utilis\u00e9e.<\/p>\n<p><img loading=\"lazy\" decoding=\"async\" class=\"alignnone wp-image-263 aligncenter\" src=\"https:\/\/www.ultramins.com\/wp-content\/uploads\/sites\/522\/2021\/04\/ULTRAMINS_logo_RGB-400x176.png\" width=\"300\" height=\"132\" srcset=\"https:\/\/www.ultramins.com\/wp-content\/uploads\/sites\/522\/2021\/04\/ULTRAMINS_logo_RGB-400x176.png 400w, https:\/\/www.ultramins.com\/wp-content\/uploads\/sites\/522\/2021\/04\/ULTRAMINS_logo_RGB-800x352.png 800w, https:\/\/www.ultramins.com\/wp-content\/uploads\/sites\/522\/2021\/04\/ULTRAMINS_logo_RGB-768x338.png 768w, https:\/\/www.ultramins.com\/wp-content\/uploads\/sites\/522\/2021\/04\/ULTRAMINS_logo_RGB.png 1118w\" sizes=\"auto, (max-width: 300px) 100vw, 300px\" \/><\/p>","protected":false},"excerpt":{"rendered":"<p>Notre entreprise Bas\u00e9e \u00e0 Zwaag, nous fournissons des transmetteurs \u00e0 ultrasons cavitants qui optimisent l'eau. L'utilisation de notre technologie \u00e0 ultrasons cavitants est respectueuse de l'environnement, facile \u00e0 installer et ne n\u00e9cessite aucun entretien. Comme chaque entreprise est unique, nous examinons toujours la situation sp\u00e9cifique avec le client. Sur cette base, nous... <a class=\"read-more\" href=\"https:\/\/www.ultramins.com\/fr\/a-propos-de-nous\/\"><\/a><\/p>","protected":false},"author":3,"featured_media":0,"parent":0,"menu_order":11,"comment_status":"closed","ping_status":"closed","template":"","meta":{"_acf_changed":false,"content-type":"","footnotes":""},"class_list":["post-28","page","type-page","status-publish","hentry"],"acf":[],"yoast_head":"<!-- This site is optimized with the Yoast SEO plugin v27.2 - https:\/\/yoast.com\/product\/yoast-seo-wordpress\/ -->\n<title>Over ons - Ultramins<\/title>\n<meta name=\"robots\" content=\"index, follow, max-snippet:-1, max-image-preview:large, max-video-preview:-1\" \/>\n<link rel=\"canonical\" href=\"https:\/\/www.ultramins.com\/fr\/a-propos-de-nous\/\" \/>\n<meta property=\"og:locale\" content=\"fr_FR\" \/>\n<meta property=\"og:type\" content=\"article\" \/>\n<meta property=\"og:title\" content=\"Over ons - Ultramins\" \/>\n<meta property=\"og:description\" content=\"Ons bedrijf Vanuit Zwaag leveren wij caviterende ultrasone zenders die water optimaliseren. Onze zenders ontsmetten het water, voorkomen aangroei en bestrijden micro-organismen.Het gebruik van onze caviterende ultrasone technologie is milieuvriendelijk, eenvoudig te installeren en volledig onderhoudsvrij. Omdat ieder bedrijf uniek is, inventariseren wij altijd samen met de klant de specifieke situatie. Op basis daarvan doen...\" \/>\n<meta property=\"og:url\" content=\"https:\/\/www.ultramins.com\/fr\/a-propos-de-nous\/\" \/>\n<meta property=\"og:site_name\" content=\"Ultramins\" \/>\n<meta property=\"article:modified_time\" content=\"2025-10-15T08:42:43+00:00\" \/>\n<meta property=\"og:image\" content=\"https:\/\/www.ultramins.com\/wp-content\/uploads\/sites\/522\/2021\/04\/Screenshot-2021-04-07-at-14.51.53.png\" \/>\n\t<meta property=\"og:image:width\" content=\"1600\" \/>\n\t<meta property=\"og:image:height\" content=\"721\" \/>\n\t<meta property=\"og:image:type\" content=\"image\/png\" \/>\n<meta name=\"twitter:card\" content=\"summary_large_image\" \/>\n<meta name=\"twitter:label1\" content=\"Dur\u00e9e de lecture estim\u00e9e\" \/>\n\t<meta name=\"twitter:data1\" content=\"3 minutes\" \/>\n<script type=\"application\/ld+json\" class=\"yoast-schema-graph\">{\"@context\":\"https:\/\/schema.org\",\"@graph\":[{\"@type\":\"WebPage\",\"@id\":\"https:\/\/www.ultramins.com\/over-ons\/\",\"url\":\"https:\/\/www.ultramins.com\/over-ons\/\",\"name\":\"Over ons - Ultramins\",\"isPartOf\":{\"@id\":\"https:\/\/www.ultramins.com\/en\/#website\"},\"primaryImageOfPage\":{\"@id\":\"https:\/\/www.ultramins.com\/over-ons\/#primaryimage\"},\"image\":{\"@id\":\"https:\/\/www.ultramins.com\/over-ons\/#primaryimage\"},\"thumbnailUrl\":\"https:\/\/www.ultramins.com\/wp-content\/uploads\/sites\/522\/2021\/04\/Screenshot-2021-04-07-at-14.51.53-400x180.png\",\"datePublished\":\"2021-02-19T10:14:23+00:00\",\"dateModified\":\"2025-10-15T08:42:43+00:00\",\"breadcrumb\":{\"@id\":\"https:\/\/www.ultramins.com\/over-ons\/#breadcrumb\"},\"inLanguage\":\"fr-FR\",\"potentialAction\":[{\"@type\":\"ReadAction\",\"target\":[\"https:\/\/www.ultramins.com\/over-ons\/\"]}]},{\"@type\":\"ImageObject\",\"inLanguage\":\"fr-FR\",\"@id\":\"https:\/\/www.ultramins.com\/over-ons\/#primaryimage\",\"url\":\"https:\/\/www.ultramins.com\/wp-content\/uploads\/sites\/522\/2021\/04\/Screenshot-2021-04-07-at-14.51.53-400x180.png\",\"contentUrl\":\"https:\/\/www.ultramins.com\/wp-content\/uploads\/sites\/522\/2021\/04\/Screenshot-2021-04-07-at-14.51.53-400x180.png\"},{\"@type\":\"BreadcrumbList\",\"@id\":\"https:\/\/www.ultramins.com\/over-ons\/#breadcrumb\",\"itemListElement\":[{\"@type\":\"ListItem\",\"position\":1,\"name\":\"Home\",\"item\":\"https:\/\/www.ultramins.com\/\"},{\"@type\":\"ListItem\",\"position\":2,\"name\":\"Over ons\"}]},{\"@type\":\"WebSite\",\"@id\":\"https:\/\/www.ultramins.com\/en\/#website\",\"url\":\"https:\/\/www.ultramins.com\/en\/\",\"name\":\"Ultramins\",\"description\":\"\",\"potentialAction\":[{\"@type\":\"SearchAction\",\"target\":{\"@type\":\"EntryPoint\",\"urlTemplate\":\"https:\/\/www.ultramins.com\/en\/?s={search_term_string}\"},\"query-input\":{\"@type\":\"PropertyValueSpecification\",\"valueRequired\":true,\"valueName\":\"search_term_string\"}}],\"inLanguage\":\"fr-FR\"}]}<\/script>\n<!-- \/ Yoast SEO plugin. -->","yoast_head_json":{"title":"\u00c0 propos de nous - Ultramins","robots":{"index":"index","follow":"follow","max-snippet":"max-snippet:-1","max-image-preview":"max-image-preview:large","max-video-preview":"max-video-preview:-1"},"canonical":"https:\/\/www.ultramins.com\/fr\/a-propos-de-nous\/","og_locale":"fr_FR","og_type":"article","og_title":"Over ons - Ultramins","og_description":"Ons bedrijf Vanuit Zwaag leveren wij caviterende ultrasone zenders die water optimaliseren. Onze zenders ontsmetten het water, voorkomen aangroei en bestrijden micro-organismen.Het gebruik van onze caviterende ultrasone technologie is milieuvriendelijk, eenvoudig te installeren en volledig onderhoudsvrij. Omdat ieder bedrijf uniek is, inventariseren wij altijd samen met de klant de specifieke situatie. Op basis daarvan doen...","og_url":"https:\/\/www.ultramins.com\/fr\/a-propos-de-nous\/","og_site_name":"Ultramins","article_modified_time":"2025-10-15T08:42:43+00:00","og_image":[{"width":1600,"height":721,"url":"https:\/\/www.ultramins.com\/wp-content\/uploads\/sites\/522\/2021\/04\/Screenshot-2021-04-07-at-14.51.53.png","type":"image\/png"}],"twitter_card":"summary_large_image","twitter_misc":{"Dur\u00e9e de lecture estim\u00e9e":"3 minutes"},"schema":{"@context":"https:\/\/schema.org","@graph":[{"@type":"WebPage","@id":"https:\/\/www.ultramins.com\/over-ons\/","url":"https:\/\/www.ultramins.com\/over-ons\/","name":"\u00c0 propos de nous - Ultramins","isPartOf":{"@id":"https:\/\/www.ultramins.com\/en\/#website"},"primaryImageOfPage":{"@id":"https:\/\/www.ultramins.com\/over-ons\/#primaryimage"},"image":{"@id":"https:\/\/www.ultramins.com\/over-ons\/#primaryimage"},"thumbnailUrl":"https:\/\/www.ultramins.com\/wp-content\/uploads\/sites\/522\/2021\/04\/Screenshot-2021-04-07-at-14.51.53-400x180.png","datePublished":"2021-02-19T10:14:23+00:00","dateModified":"2025-10-15T08:42:43+00:00","breadcrumb":{"@id":"https:\/\/www.ultramins.com\/over-ons\/#breadcrumb"},"inLanguage":"fr-FR","potentialAction":[{"@type":"ReadAction","target":["https:\/\/www.ultramins.com\/over-ons\/"]}]},{"@type":"ImageObject","inLanguage":"fr-FR","@id":"https:\/\/www.ultramins.com\/over-ons\/#primaryimage","url":"https:\/\/www.ultramins.com\/wp-content\/uploads\/sites\/522\/2021\/04\/Screenshot-2021-04-07-at-14.51.53-400x180.png","contentUrl":"https:\/\/www.ultramins.com\/wp-content\/uploads\/sites\/522\/2021\/04\/Screenshot-2021-04-07-at-14.51.53-400x180.png"},{"@type":"BreadcrumbList","@id":"https:\/\/www.ultramins.com\/over-ons\/#breadcrumb","itemListElement":[{"@type":"ListItem","position":1,"name":"Home","item":"https:\/\/www.ultramins.com\/"},{"@type":"ListItem","position":2,"name":"Over ons"}]},{"@type":"WebSite","@id":"https:\/\/www.ultramins.com\/en\/#website","url":"https:\/\/www.ultramins.com\/en\/","name":"Ultramins","description":"","potentialAction":[{"@type":"SearchAction","target":{"@type":"EntryPoint","urlTemplate":"https:\/\/www.ultramins.com\/en\/?s={search_term_string}"},"query-input":{"@type":"PropertyValueSpecification","valueRequired":true,"valueName":"search_term_string"}}],"inLanguage":"fr-FR"}]}},"_links":{"self":[{"href":"https:\/\/www.ultramins.com\/fr\/wp-json\/wp\/v2\/pages\/28","targetHints":{"allow":["GET"]}}],"collection":[{"href":"https:\/\/www.ultramins.com\/fr\/wp-json\/wp\/v2\/pages"}],"about":[{"href":"https:\/\/www.ultramins.com\/fr\/wp-json\/wp\/v2\/types\/page"}],"author":[{"embeddable":true,"href":"https:\/\/www.ultramins.com\/fr\/wp-json\/wp\/v2\/users\/3"}],"replies":[{"embeddable":true,"href":"https:\/\/www.ultramins.com\/fr\/wp-json\/wp\/v2\/comments?post=28"}],"version-history":[{"count":4,"href":"https:\/\/www.ultramins.com\/fr\/wp-json\/wp\/v2\/pages\/28\/revisions"}],"predecessor-version":[{"id":1150,"href":"https:\/\/www.ultramins.com\/fr\/wp-json\/wp\/v2\/pages\/28\/revisions\/1150"}],"wp:attachment":[{"href":"https:\/\/www.ultramins.com\/fr\/wp-json\/wp\/v2\/media?parent=28"}],"curies":[{"name":"wp","href":"https:\/\/api.w.org\/{rel}","templated":true}]}}