{"id":1376,"date":"2025-04-02T16:40:15","date_gmt":"2025-04-02T14:40:15","guid":{"rendered":"https:\/\/www.ultramins.com\/?page_id=1376"},"modified":"2025-04-09T15:13:14","modified_gmt":"2025-04-09T13:13:14","slug":"acuicultura-de-ultraminas","status":"publish","type":"page","link":"https:\/\/www.ultramins.com\/es\/acuicultura-de-ultraminas\/","title":{"rendered":"Ultramins Acuicultura"},"content":{"rendered":"<p>Los transmisores ultras\u00f3nicos cavitantes USAF\u2122 son muy \u00fatiles en la cr\u00eda de gambas y salm\u00f3n. Los transmisores son perfectamente capaces de tratar el agua contra el crecimiento excesivo de algas, controlar y eliminar bacterias, hongos y virus. Los transmisores se utilizan en todo tipo de cultivos. La gran ventaja es que el uso de los transmisores mejora tanto la calidad del agua como el bienestar de los animales al reducir significativamente el uso de productos qu\u00edmicos. Esto tambi\u00e9n beneficia al medio ambiente al reducir o incluso eliminar los productos qu\u00edmicos de las aguas superficiales. Tambi\u00e9n hay importantes beneficios econ\u00f3micos, al reducir los costes de mano de obra y recursos, pero tambi\u00e9n al aumentar los rendimientos al final del ciclo de cr\u00eda.<\/p>\n<p><img loading=\"lazy\" decoding=\"async\" width=\"327\" height=\"400\" class=\"alignnone size-medium wp-image-1254\" src=\"https:\/\/www.ultramins.com\/wp-content\/uploads\/sites\/522\/2024\/11\/Foto-Shrimp-Farm-Kung-Thailand-close-up-1-327x400.jpg\" srcset=\"https:\/\/www.ultramins.com\/wp-content\/uploads\/sites\/522\/2024\/11\/Foto-Shrimp-Farm-Kung-Thailand-close-up-1-327x400.jpg 327w, https:\/\/www.ultramins.com\/wp-content\/uploads\/sites\/522\/2024\/11\/Foto-Shrimp-Farm-Kung-Thailand-close-up-1-653x800.jpg 653w, https:\/\/www.ultramins.com\/wp-content\/uploads\/sites\/522\/2024\/11\/Foto-Shrimp-Farm-Kung-Thailand-close-up-1-768x941.jpg 768w, https:\/\/www.ultramins.com\/wp-content\/uploads\/sites\/522\/2024\/11\/Foto-Shrimp-Farm-Kung-Thailand-close-up-1-10x12.jpg 10w, https:\/\/www.ultramins.com\/wp-content\/uploads\/sites\/522\/2024\/11\/Foto-Shrimp-Farm-Kung-Thailand-close-up-1.jpg 1254w\" sizes=\"auto, (max-width: 327px) 100vw, 327px\" \/><\/p>","protected":false},"excerpt":{"rendered":"<p>De USAF\u2122 caviterende ultrasone zenders zijn heel goed inzetbaar in de garnalen- en zalmkweek. De zenders zijn perfect in staat om het water te behandelen tegen overmatig algengroei, het bestrijden en elimineren van bacteri\u00ebn, schimmels en virussen. De zenders worden in allerlei vormen van kweek gebruikt. Grote voordeel is dat met de inzet van de&#8230; <a class=\"read-more\" href=\"https:\/\/www.ultramins.com\/es\/acuicultura-de-ultraminas\/\"><\/a><\/p>","protected":false},"author":936,"featured_media":0,"parent":0,"menu_order":0,"comment_status":"closed","ping_status":"closed","template":"","meta":{"_acf_changed":false,"content-type":"","footnotes":""},"class_list":["post-1376","page","type-page","status-publish","hentry"],"acf":[],"yoast_head":"<!-- This site is optimized with the Yoast SEO plugin v27.2 - https:\/\/yoast.com\/product\/yoast-seo-wordpress\/ -->\n<title>Ultramins Aquaculture - Ultramins<\/title>\n<meta name=\"robots\" content=\"index, follow, max-snippet:-1, max-image-preview:large, max-video-preview:-1\" \/>\n<link rel=\"canonical\" href=\"https:\/\/www.ultramins.com\/es\/acuicultura-de-ultraminas\/\" \/>\n<meta property=\"og:locale\" content=\"es_ES\" \/>\n<meta property=\"og:type\" content=\"article\" \/>\n<meta property=\"og:title\" content=\"Ultramins Aquaculture - Ultramins\" \/>\n<meta property=\"og:description\" content=\"De USAF\u2122 caviterende ultrasone zenders zijn heel goed inzetbaar in de garnalen- en zalmkweek. De zenders zijn perfect in staat om het water te behandelen tegen overmatig algengroei, het bestrijden en elimineren van bacteri\u00ebn, schimmels en virussen. De zenders worden in allerlei vormen van kweek gebruikt. Grote voordeel is dat met de inzet van de...\" \/>\n<meta property=\"og:url\" content=\"https:\/\/www.ultramins.com\/es\/acuicultura-de-ultraminas\/\" \/>\n<meta property=\"og:site_name\" content=\"Ultramins\" \/>\n<meta property=\"article:modified_time\" content=\"2025-04-09T13:13:14+00:00\" \/>\n<meta property=\"og:image\" content=\"https:\/\/www.ultramins.com\/wp-content\/uploads\/sites\/522\/2024\/11\/Foto-Shrimp-Farm-Kung-Thailand-close-up-1.jpg\" \/>\n\t<meta property=\"og:image:width\" content=\"1254\" \/>\n\t<meta property=\"og:image:height\" content=\"1536\" \/>\n\t<meta property=\"og:image:type\" content=\"image\/jpeg\" \/>\n<meta name=\"twitter:card\" content=\"summary_large_image\" \/>\n<meta name=\"twitter:label1\" content=\"Tiempo de lectura\" \/>\n\t<meta name=\"twitter:data1\" content=\"1 minuto\" \/>\n<script type=\"application\/ld+json\" class=\"yoast-schema-graph\">{\"@context\":\"https:\/\/schema.org\",\"@graph\":[{\"@type\":\"WebPage\",\"@id\":\"https:\/\/www.ultramins.com\/ultramins-aquaculture\/\",\"url\":\"https:\/\/www.ultramins.com\/ultramins-aquaculture\/\",\"name\":\"Ultramins Aquaculture - Ultramins\",\"isPartOf\":{\"@id\":\"https:\/\/www.ultramins.com\/en\/#website\"},\"primaryImageOfPage\":{\"@id\":\"https:\/\/www.ultramins.com\/ultramins-aquaculture\/#primaryimage\"},\"image\":{\"@id\":\"https:\/\/www.ultramins.com\/ultramins-aquaculture\/#primaryimage\"},\"thumbnailUrl\":\"https:\/\/www.ultramins.com\/wp-content\/uploads\/sites\/522\/2024\/11\/Foto-Shrimp-Farm-Kung-Thailand-close-up-1-327x400.jpg\",\"datePublished\":\"2025-04-02T14:40:15+00:00\",\"dateModified\":\"2025-04-09T13:13:14+00:00\",\"breadcrumb\":{\"@id\":\"https:\/\/www.ultramins.com\/ultramins-aquaculture\/#breadcrumb\"},\"inLanguage\":\"es\",\"potentialAction\":[{\"@type\":\"ReadAction\",\"target\":[\"https:\/\/www.ultramins.com\/ultramins-aquaculture\/\"]}]},{\"@type\":\"ImageObject\",\"inLanguage\":\"es\",\"@id\":\"https:\/\/www.ultramins.com\/ultramins-aquaculture\/#primaryimage\",\"url\":\"https:\/\/www.ultramins.com\/wp-content\/uploads\/sites\/522\/2024\/11\/Foto-Shrimp-Farm-Kung-Thailand-close-up-1-327x400.jpg\",\"contentUrl\":\"https:\/\/www.ultramins.com\/wp-content\/uploads\/sites\/522\/2024\/11\/Foto-Shrimp-Farm-Kung-Thailand-close-up-1-327x400.jpg\"},{\"@type\":\"BreadcrumbList\",\"@id\":\"https:\/\/www.ultramins.com\/ultramins-aquaculture\/#breadcrumb\",\"itemListElement\":[{\"@type\":\"ListItem\",\"position\":1,\"name\":\"Home\",\"item\":\"https:\/\/www.ultramins.com\/\"},{\"@type\":\"ListItem\",\"position\":2,\"name\":\"Ultramins Aquaculture\"}]},{\"@type\":\"WebSite\",\"@id\":\"https:\/\/www.ultramins.com\/en\/#website\",\"url\":\"https:\/\/www.ultramins.com\/en\/\",\"name\":\"Ultramins\",\"description\":\"\",\"potentialAction\":[{\"@type\":\"SearchAction\",\"target\":{\"@type\":\"EntryPoint\",\"urlTemplate\":\"https:\/\/www.ultramins.com\/en\/?s={search_term_string}\"},\"query-input\":{\"@type\":\"PropertyValueSpecification\",\"valueRequired\":true,\"valueName\":\"search_term_string\"}}],\"inLanguage\":\"es\"}]}<\/script>\n<!-- \/ Yoast SEO plugin. -->","yoast_head_json":{"title":"Ultramins Acuicultura - Ultramins","robots":{"index":"index","follow":"follow","max-snippet":"max-snippet:-1","max-image-preview":"max-image-preview:large","max-video-preview":"max-video-preview:-1"},"canonical":"https:\/\/www.ultramins.com\/es\/acuicultura-de-ultraminas\/","og_locale":"es_ES","og_type":"article","og_title":"Ultramins Aquaculture - Ultramins","og_description":"De USAF\u2122 caviterende ultrasone zenders zijn heel goed inzetbaar in de garnalen- en zalmkweek. De zenders zijn perfect in staat om het water te behandelen tegen overmatig algengroei, het bestrijden en elimineren van bacteri\u00ebn, schimmels en virussen. De zenders worden in allerlei vormen van kweek gebruikt. Grote voordeel is dat met de inzet van de...","og_url":"https:\/\/www.ultramins.com\/es\/acuicultura-de-ultraminas\/","og_site_name":"Ultramins","article_modified_time":"2025-04-09T13:13:14+00:00","og_image":[{"width":1254,"height":1536,"url":"https:\/\/www.ultramins.com\/wp-content\/uploads\/sites\/522\/2024\/11\/Foto-Shrimp-Farm-Kung-Thailand-close-up-1.jpg","type":"image\/jpeg"}],"twitter_card":"summary_large_image","twitter_misc":{"Tiempo de lectura":"1 minuto"},"schema":{"@context":"https:\/\/schema.org","@graph":[{"@type":"WebPage","@id":"https:\/\/www.ultramins.com\/ultramins-aquaculture\/","url":"https:\/\/www.ultramins.com\/ultramins-aquaculture\/","name":"Ultramins Acuicultura - Ultramins","isPartOf":{"@id":"https:\/\/www.ultramins.com\/en\/#website"},"primaryImageOfPage":{"@id":"https:\/\/www.ultramins.com\/ultramins-aquaculture\/#primaryimage"},"image":{"@id":"https:\/\/www.ultramins.com\/ultramins-aquaculture\/#primaryimage"},"thumbnailUrl":"https:\/\/www.ultramins.com\/wp-content\/uploads\/sites\/522\/2024\/11\/Foto-Shrimp-Farm-Kung-Thailand-close-up-1-327x400.jpg","datePublished":"2025-04-02T14:40:15+00:00","dateModified":"2025-04-09T13:13:14+00:00","breadcrumb":{"@id":"https:\/\/www.ultramins.com\/ultramins-aquaculture\/#breadcrumb"},"inLanguage":"es","potentialAction":[{"@type":"ReadAction","target":["https:\/\/www.ultramins.com\/ultramins-aquaculture\/"]}]},{"@type":"ImageObject","inLanguage":"es","@id":"https:\/\/www.ultramins.com\/ultramins-aquaculture\/#primaryimage","url":"https:\/\/www.ultramins.com\/wp-content\/uploads\/sites\/522\/2024\/11\/Foto-Shrimp-Farm-Kung-Thailand-close-up-1-327x400.jpg","contentUrl":"https:\/\/www.ultramins.com\/wp-content\/uploads\/sites\/522\/2024\/11\/Foto-Shrimp-Farm-Kung-Thailand-close-up-1-327x400.jpg"},{"@type":"BreadcrumbList","@id":"https:\/\/www.ultramins.com\/ultramins-aquaculture\/#breadcrumb","itemListElement":[{"@type":"ListItem","position":1,"name":"Home","item":"https:\/\/www.ultramins.com\/"},{"@type":"ListItem","position":2,"name":"Ultramins Aquaculture"}]},{"@type":"WebSite","@id":"https:\/\/www.ultramins.com\/en\/#website","url":"https:\/\/www.ultramins.com\/en\/","name":"Ultramins","description":"","potentialAction":[{"@type":"SearchAction","target":{"@type":"EntryPoint","urlTemplate":"https:\/\/www.ultramins.com\/en\/?s={search_term_string}"},"query-input":{"@type":"PropertyValueSpecification","valueRequired":true,"valueName":"search_term_string"}}],"inLanguage":"es"}]}},"_links":{"self":[{"href":"https:\/\/www.ultramins.com\/es\/wp-json\/wp\/v2\/pages\/1376","targetHints":{"allow":["GET"]}}],"collection":[{"href":"https:\/\/www.ultramins.com\/es\/wp-json\/wp\/v2\/pages"}],"about":[{"href":"https:\/\/www.ultramins.com\/es\/wp-json\/wp\/v2\/types\/page"}],"author":[{"embeddable":true,"href":"https:\/\/www.ultramins.com\/es\/wp-json\/wp\/v2\/users\/936"}],"replies":[{"embeddable":true,"href":"https:\/\/www.ultramins.com\/es\/wp-json\/wp\/v2\/comments?post=1376"}],"version-history":[{"count":3,"href":"https:\/\/www.ultramins.com\/es\/wp-json\/wp\/v2\/pages\/1376\/revisions"}],"predecessor-version":[{"id":1403,"href":"https:\/\/www.ultramins.com\/es\/wp-json\/wp\/v2\/pages\/1376\/revisions\/1403"}],"wp:attachment":[{"href":"https:\/\/www.ultramins.com\/es\/wp-json\/wp\/v2\/media?parent=1376"}],"curies":[{"name":"wp","href":"https:\/\/api.w.org\/{rel}","templated":true}]}}