{"id":16,"date":"2021-02-19T11:09:47","date_gmt":"2021-02-19T10:09:47","guid":{"rendered":"https:\/\/www.ultramins.com\/cookieverklaring\/"},"modified":"2021-02-19T11:09:47","modified_gmt":"2021-02-19T10:09:47","slug":"cookie-erklarung-2","status":"publish","type":"page","link":"https:\/\/www.ultramins.com\/de\/cookie-erklarung-2\/","title":{"rendered":"Cookie-Erkl\u00e4rung"},"content":{"rendered":"<p>Unsere Website verwendet Cookies, um Ihnen ein optimales Nutzererlebnis zu bieten.<\/p>\n<h2>Was ist ein Keks?<\/h2>\n<p>A <a href=\"https:\/\/nowweb.nl\/wat-zijn-cookies\/\" target=\"_blank\" rel=\"noopener\">Cookie<\/a> ist eine einfache kleine Datei, die mit den Seiten dieser Website gesendet und von Ihrem Browser auf der Festplatte Ihres Computers oder eines anderen Ger\u00e4ts gespeichert wird. Die darin gespeicherten Informationen k\u00f6nnen bei Ihrem n\u00e4chsten Besuch an unsere Server zur\u00fcckgesandt werden.<\/p>\n<h2>Verwendung von Sitzungscookies<\/h2>\n<p>Mit einer <em>Sitzungscookie<\/em> k\u00f6nnen wir sehen, welche Teile der Website Sie w\u00e4hrend dieses Besuchs angesehen haben. Dies erm\u00f6glicht es uns, unser Angebot so weit wie m\u00f6glich an das Surfverhalten unserer Besucher anzupassen. Diese Cookies werden automatisch gel\u00f6scht, sobald Sie Ihren Webbrowser schlie\u00dfen.<\/p>\n<h2>Verwendung von permanenten Cookies<\/h2>\n<p>Mit einer <em>permanenter Cookie<\/em> k\u00f6nnen wir Sie erkennen, wenn Sie unsere Website erneut besuchen. Dies ist eine sogenannte <em>Funktionscookie<\/em>. So kann die Website auf Ihre Pr\u00e4ferenzen zugeschnitten werden. Auch wenn Sie der Platzierung von Cookies zugestimmt haben, k\u00f6nnen wir uns dies mit Hilfe eines Cookies merken. So m\u00fcssen Sie Ihre Einstellungen nicht immer wieder neu vornehmen, was Ihnen Zeit spart und die Nutzung unserer Website angenehmer macht. Permanente Cookies k\u00f6nnen in den Einstellungen Ihres Browsers entfernt werden.<\/p>\n<h2>Liste der Cookies<\/h2>\n<p>Cookies k\u00f6nnen gesetzt werden von\u00a0<em>WordPress<\/em>, dem von uns verwendeten Content-Management-System. Dies sind funktionale Cookies. Die Aufbewahrungsfrist betr\u00e4gt 1 Jahr. Weitere Informationen finden Sie in der <u><a href=\"https:\/\/nl.wordpress.org\/about\/privacy\/\">WordPress-Datenschutzrichtlinie<\/a><\/u>.<\/p>\n<p>Cookies k\u00f6nnen gesetzt werden von\u00a0<em>AddtoAny<\/em>ein Tool f\u00fcr die gemeinsame Nutzung sozialer Medien. Dies sind funktionale Cookies. Diese Cookies merken sich Ihre Social-Media-Profile, so dass Sie sich nicht jedes Mal neu anmelden m\u00fcssen. Die Aufbewahrungsfrist betr\u00e4gt 1 Jahr. Weitere Informationen finden Sie in der <u><a href=\"https:\/\/www.addtoany.com\/privacy\">Datenschutzbestimmungen von AddtoAny<\/a><\/u>.<\/p>\n<p>Cookies werden gesetzt von <em>Google Analytics<\/em>. Dies sind analytische Cookies. Die Aufbewahrungsfrist betr\u00e4gt 2 Jahre. Weitere Informationen finden Sie in der\u00a0<a href=\"https:\/\/policies.google.com\/privacy?hl=nl\">Datenschutzbestimmungen f\u00fcr Google Analytics<\/a>.<\/p>\n<h2>Google Analytics<\/h2>\n<p>\u00dcber unsere Website wird ein Cookie des US-Unternehmens Google im Rahmen des Dienstes \"Analytics\" gesetzt. Es handelt sich um einen analytischen Cookie. Wir nutzen diesen Dienst, um zu verfolgen und Berichte dar\u00fcber zu erhalten, wie Besucher die Website nutzen. Auch wird Google diese Informationen gegebenenfalls an Dritte \u00fcbertragen, sofern dies gesetzlich vorgeschrieben ist oder soweit Dritte diese Daten im Auftrag von Google verarbeiten. Darauf haben wir keinen Einfluss. Wir haben Google nicht erm\u00e4chtigt, die erhaltenen Analysedaten f\u00fcr andere Google-Dienste zu verwenden.<\/p>\n<p>Die von Google gesammelten Informationen werden so weit wie m\u00f6glich anonymisiert. Wir haben Google gebeten, Ihre IP-Adresse zu maskieren, und haben einen Verarbeitungsvertrag mit Google abgeschlossen.<\/p>\n<h2>Soziale Medien<\/h2>\n<p>Unsere Website enth\u00e4lt Schaltfl\u00e4chen zum Bewerben (\"Gef\u00e4llt mir\") oder Teilen (\"Tweeten\") von Webseiten in den sozialen Netzwerken LinkedIn, Twitter, Facebook und Google+. Diese Schaltfl\u00e4chen funktionieren \u00fcber Codest\u00fccke, die von diesen Parteien selbst stammen. Mit Hilfe dieses Codes werden Cookies gesetzt. Darauf haben wir keinen Einfluss. Lesen Sie die Datenschutzerkl\u00e4rungen dieser Unternehmen (die sich regelm\u00e4\u00dfig \u00e4ndern k\u00f6nnen), um zu erfahren, was sie mit Ihren (personenbezogenen) Daten machen, die sie \u00fcber diese Cookies verarbeiten.<\/p>\n<p><u><a href=\"https:\/\/www.facebook.com\/privacy\/explanation\">Facebook<\/a><\/u><br \/>\n<u><a href=\"https:\/\/www.linkedin.com\/legal\/privacy-policy?_l=nl_NL\">LinkedIn<\/a><\/u><br \/>\n<u><a href=\"https:\/\/policies.google.com\/privacy?hl=nl\">Google<\/a><\/u><br \/>\n<u><a href=\"https:\/\/twitter.com\/en\/privacy#update\">Twitter<\/a><\/u><\/p>\n<p>Die gesammelten Informationen werden so weit wie m\u00f6glich anonymisiert. Die Informationen werden an Twitter, Facebook, Google+ und LinkedIn \u00fcbertragen und von diesen auf Servern in den Vereinigten Staaten gespeichert. Diese Unternehmen haben erkl\u00e4rt, dass sie sich an das zwischen den Vereinigten Staaten und der Europ\u00e4ischen Union geschlossene Privacy-Shield-Abkommen halten werden. Dies bedeutet, dass ein angemessenes Schutzniveau f\u00fcr die Verarbeitung personenbezogener Daten gegeben ist.<\/p>\n<h2>Recht auf Zugang und Berichtigung oder L\u00f6schung Ihrer Daten<\/h2>\n<p>Sie haben das Recht, Zugang zu Ihren Daten und deren Berichtigung oder L\u00f6schung zu verlangen. Bitte beachten Sie unsere Kontaktseite und unsere Datenschutzerkl\u00e4rung. Um Missbrauch vorzubeugen, k\u00f6nnen wir Sie auffordern, sich ausreichend zu identifizieren. Wenn es um den Zugang zu personenbezogenen Daten geht, die mit einem Cookie verkn\u00fcpft sind, m\u00fcssen Sie eine Kopie des fraglichen Cookies \u00fcbermitteln. Sie k\u00f6nnen dies in den Einstellungen Ihres Browsers finden.<\/p>\n<h2>Aktivieren und Deaktivieren von Cookies<\/h2>\n<p>Weitere Informationen zum Aktivieren, Deaktivieren und L\u00f6schen von Cookies finden Sie in der Anleitung und\/oder \u00fcber die Hilfefunktion Ihres Browsers.<\/p>","protected":false},"excerpt":{"rendered":"<p>Unsere Website verwendet Cookies, um Ihnen die bestm\u00f6gliche Benutzererfahrung zu bieten. Was ist ein Keks? Ein Cookie ist eine kleine, einfache Datei, die mit den Seiten dieser Website gesendet und von Ihrem Browser auf der Festplatte Ihres Computers oder einem anderen Ger\u00e4t gespeichert wird. Die darin gespeicherten Informationen k\u00f6nnen... <a class=\"read-more\" href=\"https:\/\/www.ultramins.com\/de\/cookie-erklarung-2\/\"><\/a><\/p>","protected":false},"author":3,"featured_media":0,"parent":0,"menu_order":5,"comment_status":"closed","ping_status":"closed","template":"","meta":{"_acf_changed":false,"content-type":"","footnotes":""},"class_list":["post-16","page","type-page","status-publish","hentry"],"acf":[],"yoast_head":"<!-- This site is optimized with the Yoast SEO plugin v27.2 - https:\/\/yoast.com\/product\/yoast-seo-wordpress\/ -->\n<title>Cookieverklaring - Ultramins<\/title>\n<meta name=\"robots\" content=\"index, follow, max-snippet:-1, max-image-preview:large, max-video-preview:-1\" \/>\n<link rel=\"canonical\" href=\"https:\/\/www.ultramins.com\/de\/cookie-erklarung-2\/\" \/>\n<meta property=\"og:locale\" content=\"de_DE\" \/>\n<meta property=\"og:type\" content=\"article\" \/>\n<meta property=\"og:title\" content=\"Cookieverklaring - Ultramins\" \/>\n<meta property=\"og:description\" content=\"Onze website maakt gebruik van cookies om jou een optimale gebruikservaring te bieden. Wat is een cookie? Een cookie is een eenvoudig klein bestandje dat met de pagina\u2019s van deze website wordt meegestuurd en door je browser op de harde schrijf van je computer of een ander apparaat wordt opgeslagen. De daarin opgeslagen informatie kan...\" \/>\n<meta property=\"og:url\" content=\"https:\/\/www.ultramins.com\/de\/cookie-erklarung-2\/\" \/>\n<meta property=\"og:site_name\" content=\"Ultramins\" \/>\n<meta name=\"twitter:card\" content=\"summary_large_image\" \/>\n<meta name=\"twitter:label1\" content=\"Gesch\u00e4tzte Lesezeit\" \/>\n\t<meta name=\"twitter:data1\" content=\"3\u00a0Minuten\" \/>\n<script type=\"application\/ld+json\" class=\"yoast-schema-graph\">{\"@context\":\"https:\/\/schema.org\",\"@graph\":[{\"@type\":\"WebPage\",\"@id\":\"https:\/\/www.ultramins.com\/cookieverklaring\/\",\"url\":\"https:\/\/www.ultramins.com\/cookieverklaring\/\",\"name\":\"Cookieverklaring - Ultramins\",\"isPartOf\":{\"@id\":\"https:\/\/www.ultramins.com\/en\/#website\"},\"datePublished\":\"2021-02-19T10:09:47+00:00\",\"breadcrumb\":{\"@id\":\"https:\/\/www.ultramins.com\/cookieverklaring\/#breadcrumb\"},\"inLanguage\":\"de\",\"potentialAction\":[{\"@type\":\"ReadAction\",\"target\":[\"https:\/\/www.ultramins.com\/cookieverklaring\/\"]}]},{\"@type\":\"BreadcrumbList\",\"@id\":\"https:\/\/www.ultramins.com\/cookieverklaring\/#breadcrumb\",\"itemListElement\":[{\"@type\":\"ListItem\",\"position\":1,\"name\":\"Home\",\"item\":\"https:\/\/www.ultramins.com\/\"},{\"@type\":\"ListItem\",\"position\":2,\"name\":\"Cookieverklaring\"}]},{\"@type\":\"WebSite\",\"@id\":\"https:\/\/www.ultramins.com\/en\/#website\",\"url\":\"https:\/\/www.ultramins.com\/en\/\",\"name\":\"Ultramins\",\"description\":\"\",\"potentialAction\":[{\"@type\":\"SearchAction\",\"target\":{\"@type\":\"EntryPoint\",\"urlTemplate\":\"https:\/\/www.ultramins.com\/en\/?s={search_term_string}\"},\"query-input\":{\"@type\":\"PropertyValueSpecification\",\"valueRequired\":true,\"valueName\":\"search_term_string\"}}],\"inLanguage\":\"de\"}]}<\/script>\n<!-- \/ Yoast SEO plugin. -->","yoast_head_json":{"title":"Cookie-Erkl\u00e4rung - Ultramins","robots":{"index":"index","follow":"follow","max-snippet":"max-snippet:-1","max-image-preview":"max-image-preview:large","max-video-preview":"max-video-preview:-1"},"canonical":"https:\/\/www.ultramins.com\/de\/cookie-erklarung-2\/","og_locale":"de_DE","og_type":"article","og_title":"Cookieverklaring - Ultramins","og_description":"Onze website maakt gebruik van cookies om jou een optimale gebruikservaring te bieden. Wat is een cookie? Een cookie is een eenvoudig klein bestandje dat met de pagina\u2019s van deze website wordt meegestuurd en door je browser op de harde schrijf van je computer of een ander apparaat wordt opgeslagen. De daarin opgeslagen informatie kan...","og_url":"https:\/\/www.ultramins.com\/de\/cookie-erklarung-2\/","og_site_name":"Ultramins","twitter_card":"summary_large_image","twitter_misc":{"Gesch\u00e4tzte Lesezeit":"3\u00a0Minuten"},"schema":{"@context":"https:\/\/schema.org","@graph":[{"@type":"WebPage","@id":"https:\/\/www.ultramins.com\/cookieverklaring\/","url":"https:\/\/www.ultramins.com\/cookieverklaring\/","name":"Cookie-Erkl\u00e4rung - Ultramins","isPartOf":{"@id":"https:\/\/www.ultramins.com\/en\/#website"},"datePublished":"2021-02-19T10:09:47+00:00","breadcrumb":{"@id":"https:\/\/www.ultramins.com\/cookieverklaring\/#breadcrumb"},"inLanguage":"de","potentialAction":[{"@type":"ReadAction","target":["https:\/\/www.ultramins.com\/cookieverklaring\/"]}]},{"@type":"BreadcrumbList","@id":"https:\/\/www.ultramins.com\/cookieverklaring\/#breadcrumb","itemListElement":[{"@type":"ListItem","position":1,"name":"Home","item":"https:\/\/www.ultramins.com\/"},{"@type":"ListItem","position":2,"name":"Cookieverklaring"}]},{"@type":"WebSite","@id":"https:\/\/www.ultramins.com\/en\/#website","url":"https:\/\/www.ultramins.com\/en\/","name":"Ultramins","description":"","potentialAction":[{"@type":"SearchAction","target":{"@type":"EntryPoint","urlTemplate":"https:\/\/www.ultramins.com\/en\/?s={search_term_string}"},"query-input":{"@type":"PropertyValueSpecification","valueRequired":true,"valueName":"search_term_string"}}],"inLanguage":"de"}]}},"_links":{"self":[{"href":"https:\/\/www.ultramins.com\/de\/wp-json\/wp\/v2\/pages\/16","targetHints":{"allow":["GET"]}}],"collection":[{"href":"https:\/\/www.ultramins.com\/de\/wp-json\/wp\/v2\/pages"}],"about":[{"href":"https:\/\/www.ultramins.com\/de\/wp-json\/wp\/v2\/types\/page"}],"author":[{"embeddable":true,"href":"https:\/\/www.ultramins.com\/de\/wp-json\/wp\/v2\/users\/3"}],"replies":[{"embeddable":true,"href":"https:\/\/www.ultramins.com\/de\/wp-json\/wp\/v2\/comments?post=16"}],"version-history":[{"count":0,"href":"https:\/\/www.ultramins.com\/de\/wp-json\/wp\/v2\/pages\/16\/revisions"}],"wp:attachment":[{"href":"https:\/\/www.ultramins.com\/de\/wp-json\/wp\/v2\/media?parent=16"}],"curies":[{"name":"wp","href":"https:\/\/api.w.org\/{rel}","templated":true}]}}